{"id":3897,"date":"2018-11-16T14:35:33","date_gmt":"2018-11-16T11:35:33","guid":{"rendered":"http:\/\/setline.com.tr\/iletisim\/"},"modified":"2025-09-23T12:03:54","modified_gmt":"2025-09-23T09:03:54","slug":"contact","status":"publish","type":"page","link":"https:\/\/setline.com.tr\/en\/contact\/","title":{"rendered":"CONTACT"},"content":{"rendered":"<p><div id=\"detay\"><div class=\"fusion-fullwidth fullwidth-box fusion-builder-row-1 hundred-percent-fullwidth non-hundred-percent-height-scrolling\"  style='background-color: #ffffff;background-position: center center;background-repeat: no-repeat;padding-top:0px;padding-right:0px;padding-bottom:0px;padding-left:0px;margin-bottom: 50px;margin-top: 0px;'><div class=\"fusion-builder-row fusion-row \"><div  class=\"fusion-layout-column fusion_builder_column fusion_builder_column_1_2 fusion-builder-column-0 fusion-one-half fusion-column-first 1_2\"  style='margin-top:15px;margin-bottom:15px;width:50%;width:calc(50% - ( ( 4% ) * 0.5 ) );margin-right: 4%;'><div class=\"fusion-column-wrapper\" style=\"background-color:#ffffff;padding: 0px 0px 0px 0px;background-position:left top;background-repeat:no-repeat;-webkit-background-size:cover;-moz-background-size:cover;-o-background-size:cover;background-size:cover;\"   data-bg-url=\"\"><div class=\"fusion-text\"><h2 style=\"font-size: 130px; line-height: 0.85em; margin-top: 0.24em; margin-bottom: 25px; text-align: left;\"><span style=\"color: #ff7700;\">CONTACT US<\/span><\/h2>\n<\/div><div class=\"fusion-text\"><p style=\"font-size: 20px; line-height: 34px;\">Contact us for furniture that reflects your dreams and gives you the spirit of your office.<\/p>\n<\/div><div class=\"fusion-clearfix\"><\/div><\/div><\/div><div  class=\"fusion-layout-column fusion_builder_column fusion_builder_column_1_2 fusion-builder-column-1 fusion-one-half fusion-column-last 1_2\"  style='margin-top:15px;margin-bottom:15px;width:50%;width:calc(50% - ( ( 4% ) * 0.5 ) );'><div class=\"fusion-column-wrapper\" style=\"background-color:#ffffff;padding: 0px 0px 0px 0px;background-position:left top;background-repeat:no-repeat;-webkit-background-size:cover;-moz-background-size:cover;-o-background-size:cover;background-size:cover;\"   data-bg-url=\"\"><div class=\"alignright\"><div class=\"fusion-social-links\"><div class=\"fusion-social-networks boxed-icons\"><div class=\"fusion-social-networks-wrapper\"><a class=\"fusion-social-network-icon fusion-tooltip fusion-facebook fusion-icon-facebook\" style=\"color:#fffffff;background-color:#ff7700;border-color:#ff7700;border-radius:0px;\" aria-label=\"fusion-facebook\" target=\"_blank\" rel=\"noopener noreferrer\" href=\"https:\/\/www.facebook.com\/SetlineOffice\" data-placement=\"right\" data-title=\"Facebook\" data-toggle=\"tooltip\" title=\"Facebook\"><\/a><a class=\"fusion-social-network-icon fusion-tooltip fusion-twitter fusion-icon-twitter\" style=\"color:#fffffff;background-color:#ff7700;border-color:#ff7700;border-radius:0px;\" aria-label=\"fusion-twitter\" target=\"_blank\" rel=\"noopener noreferrer\" href=\"https:\/\/twitter.com\/SetLineOffice\" data-placement=\"right\" data-title=\"Twitter\" data-toggle=\"tooltip\" title=\"Twitter\"><\/a><\/div><\/div><\/div><\/div><div class=\"fusion-clearfix\"><\/div><\/div><\/div><\/div><\/div><\/div><div class=\"fusion-fullwidth fullwidth-box fusion-builder-row-2 hundred-percent-fullwidth non-hundred-percent-height-scrolling fusion-equal-height-columns\"  style='background-color: rgba(255,255,255,0);background-position: center center;background-repeat: no-repeat;padding-top:0px;padding-right:0px;padding-bottom:0px;padding-left:0px;margin-bottom: 0px;margin-top: 0px;border-top-width:1px;border-bottom-width:1px;border-color:#000000;border-top-style:solid;border-bottom-style:solid;'><div class=\"fusion-builder-row fusion-row \"><div  data-animationType=fadeInRight data-animationDuration=1.0 data-animationOffset=100% class=\"fusion-layout-column fusion_builder_column fusion_builder_column_1_2 fusion-builder-column-2 fusion-one-half fusion-column-first fusion-animated 1_2\"  style='margin-top:0px;margin-bottom:0px;width:50%;width:calc(50% - ( ( 0px ) * 0.5 ) );margin-right: 0px;'><div class=\"fusion-column-wrapper\" style=\"padding: 0px 0px 0px 0px;background-position:left center;background-repeat:no-repeat;-webkit-background-size:cover;-moz-background-size:cover;-o-background-size:cover;background-size:cover;\"   data-bg-url=\"\"><div class=\"fusion-column-content-centered\"><div class=\"fusion-column-content\">\t\t\t\t\t<script type=\"text\/javascript\">\n\t\t\t\t\t\tvar map_fusion_map_69e15686ade91;\n\t\t\t\t\t\tvar markers = [];\n\t\t\t\t\t\tvar counter = 0;\n\t\t\t\t\t\t\t\t\t\t\t\t\t\t\t\t\t\t\t\tvar fusionMapNonce = '46f0f54494';\n\t\t\t\t\t\t\t\t\t\t\t\tfunction fusion_run_map_fusion_map_69e15686ade91() {\n\t\t\t\t\t\t\tjQuery('#fusion_map_69e15686ade91').fusion_maps({\n\t\t\t\t\t\t\t\taddresses: [{\"address\":\"Ba\\u015fak\\u015fehir Mahallesi, Setline Ofis Mobilyalar\\u0131, \\u0130kitelli Osb\\\/Ba\\u015fak\\u015fehir\\\/\\u0130stanbul, T\\u00fcrkiye\",\"infobox_content\":\"\",\"marker\":\"http:\\\/\\\/setline.com.tr\\\/wp-content\\\/uploads\\\/2018\\\/11\\\/set-map-pin.png\",\"coordinates\":false,\"cache\":true,\"latitude\":\"41.072153\",\"longitude\":\"28.784235999999964\"}],\n\t\t\t\t\t\t\t\tanimations: true,\n\t\t\t\t\t\t\t\tinfobox_background_color: '',\n\t\t\t\t\t\t\t\tinfobox_styling: 'default',\n\t\t\t\t\t\t\t\tinfobox_text_color: '',\n\t\t\t\t\t\t\t\tmap_style: 'custom',\n\t\t\t\t\t\t\t\tmap_type: 'roadmap',\n\t\t\t\t\t\t\t\tmarker_icon: 'http:\/\/setline.com.tr\/wp-content\/uploads\/2018\/11\/set-map-pin.png',\n\t\t\t\t\t\t\t\toverlay_color: '#ff7700',\n\t\t\t\t\t\t\t\toverlay_color_hsl: {\"hue\":28,\"sat\":100,\"lum\":50},\n\t\t\t\t\t\t\t\tpan_control: true,\n\t\t\t\t\t\t\t\tshow_address: true,\n\t\t\t\t\t\t\t\tscale_control: true,\n\t\t\t\t\t\t\t\tscrollwheel: true,\n\t\t\t\t\t\t\t\tzoom: 14,\n\t\t\t\t\t\t\t\tzoom_control: true,\n\t\t\t\t\t\t\t});\n\t\t\t\t\t\t}\n\n\t\t\t\t\t\tgoogle.maps.event.addDomListener(window, 'load', fusion_run_map_fusion_map_69e15686ade91);\n\t\t\t\t\t<\/script>\n\t\t\t\t\t<div class=\"shortcode-map fusion-google-map fusion-maps-js-type\" id=\"fusion_map_69e15686ade91\" style=\"height:700px;width:100%;\"><\/div><\/div><\/div><div class=\"fusion-clearfix\"><\/div><\/div><\/div><div  data-animationType=fadeInRight data-animationDuration=1.0 data-animationOffset=100% class=\"fusion-layout-column fusion_builder_column fusion_builder_column_1_2 fusion-builder-column-3 fusion-one-half fusion-column-last fusion-animated 1_2\"  style='margin-top:0px;margin-bottom:0px;width:50%;width:calc(50% - ( ( 0px ) * 0.5 ) );'><div class=\"fusion-column-wrapper\" style=\"background-color:#000000;padding: 100px 20px 100px 20px;background-position:center center;background-repeat:no-repeat;-webkit-background-size:cover;-moz-background-size:cover;-o-background-size:cover;background-size:cover;\"   data-bg-url=\"\"><div class=\"fusion-column-content-centered\"><div class=\"fusion-column-content\"><div class=\"fusion-text\"><h3 style=\"font-size: 80px; line-height: 0.85em; margin-top: 0.24em; margin-bottom: 25px; text-align: left;\"><span style=\"color: #ff7700;\">Contat Us.<\/span><\/h3>\n<\/div><div class=\"fusion-text\"><p style=\"font-size: 18px; line-height: 34px;\"><span style=\"color: #ffffff;\">\u0130kitelli Keresteciler Sitesi 13. Blok 13. Sokak\u00a0<\/span><span style=\"color: #ffffff;\">No:20 Ba\u015fak\u015fehir \u0130stanbul-TR<\/span><\/p>\n<p style=\"font-size: 18px; line-height: 34px;\"><span style=\"color: #ffffff;\"><a style=\"color: #ffffff;\" href=\"tel:+902126704310\">T: +90 212 670 4310<\/a><\/span><br \/>\n<span style=\"color: #ffffff;\">F. +90 212 670 4311<\/span><\/p>\n<p style=\"font-size: 18px; line-height: 34px;\"><span style=\"color: #ffffff;\"><a style=\"color: #ffffff;\" href=\"mailto:info@setline.com.tr\">info@setline.com.tr<\/a><\/span><\/p>\n<\/div><\/div><\/div><div class=\"fusion-clearfix\"><\/div><\/div><\/div><\/div><\/div><div class=\"fusion-fullwidth fullwidth-box fusion-builder-row-3 hundred-percent-fullwidth non-hundred-percent-height-scrolling fusion-equal-height-columns\"  style='background-color: #000000;background-position: center center;background-repeat: no-repeat;padding-top:0px;padding-right:0px;padding-bottom:0px;padding-left:0px;margin-bottom: 0px;margin-top: 0px;border-top-width:1px;border-bottom-width:1px;border-color:#ff7700;border-top-style:solid;border-bottom-style:solid;'><div class=\"fusion-builder-row fusion-row \"><div  data-animationType=fadeInRight data-animationDuration=1.0 data-animationOffset=100% class=\"fusion-layout-column fusion_builder_column fusion_builder_column_1_2 fusion-builder-column-4 fusion-one-half fusion-column-first fusion-animated 1_2\"  style='margin-top:0px;margin-bottom:0px;width:50%;width:calc(50% - ( ( 0px ) * 0.5 ) );margin-right: 0px;'><div class=\"fusion-column-wrapper\" style=\"background-color:#ff7700;padding: 200px 20px 200px 20px;background-position:center center;background-repeat:no-repeat;-webkit-background-size:cover;-moz-background-size:cover;-o-background-size:cover;background-size:cover;\"   data-bg-url=\"\"><div class=\"fusion-column-content-centered\"><div class=\"fusion-column-content\"><div class=\"fusion-text\"><h3 style=\"font-size: 80px; line-height: 0.85em; margin-top: 0.24em; margin-bottom: 25px; text-align: right;\"><span style=\"color: #000000;\">Contact Us.<\/span><\/h3>\n<\/div><div class=\"fusion-text\"><p style=\"font-size: 18px; line-height: 34px; text-align: right;\"><span style=\"color: #ffffff;\">Your ideas and feedbacks are important for us. Please write us to get details and informations about our products.<\/span><\/p>\n<\/div><\/div><\/div><div class=\"fusion-clearfix\"><\/div><\/div><\/div><div  data-animationType=fadeInRight data-animationDuration=1.0 data-animationOffset=100% class=\"fusion-layout-column fusion_builder_column fusion_builder_column_1_2 fusion-builder-column-5 fusion-one-half fusion-column-last fusion-animated 1_2\"  style='margin-top:0px;margin-bottom:0px;width:50%;width:calc(50% - ( ( 0px ) * 0.5 ) );'><div class=\"fusion-column-wrapper\" style=\"padding: 100px 50px 100px 50px;background-position:center center;background-repeat:no-repeat;-webkit-background-size:cover;-moz-background-size:cover;-o-background-size:cover;background-size:cover;\"   data-bg-url=\"\"><div class=\"fusion-column-content-centered\"><div class=\"fusion-column-content\"><div class=\"fusion-text\"><div id=\"quform-059a70\" class=\"quform quform-4 quform-theme-dark quform-support-page-caching\"><form id=\"quform-form-059a70\" class=\"quform-form quform-form-4\" action=\"\/en\/wp-json\/wp\/v2\/pages\/3897#quform-059a70\" method=\"post\" enctype=\"multipart\/form-data\" novalidate=\"novalidate\" data-options=\"{&quot;id&quot;:4,&quot;uniqueId&quot;:&quot;059a70&quot;,&quot;theme&quot;:&quot;dark&quot;,&quot;ajax&quot;:true,&quot;logic&quot;:{&quot;logic&quot;:[],&quot;dependents&quot;:[],&quot;elementIds&quot;:[],&quot;dependentElementIds&quot;:[],&quot;animate&quot;:true},&quot;currentPageId&quot;:1,&quot;errorsIcon&quot;:&quot;&quot;,&quot;updateFancybox&quot;:true,&quot;hasPages&quot;:false,&quot;pages&quot;:[1],&quot;pageProgressType&quot;:&quot;numbers&quot;,&quot;tooltipsEnabled&quot;:true,&quot;tooltipClasses&quot;:&quot;qtip-quform-dark qtip-shadow&quot;,&quot;tooltipMy&quot;:&quot;left center&quot;,&quot;tooltipAt&quot;:&quot;right center&quot;,&quot;isRtl&quot;:false,&quot;scrollOffset&quot;:-50,&quot;scrollSpeed&quot;:800}\"><button class=\"quform-default-submit\" name=\"quform_submit\" type=\"submit\" value=\"submit\" aria-hidden=\"true\" tabindex=\"-1\"><\/button><div class=\"quform-form-inner quform-form-inner-4\"><input type=\"hidden\" name=\"quform_form_id\" value=\"4\" \/><input type=\"hidden\" name=\"quform_form_uid\" value=\"059a70\" \/><input type=\"hidden\" name=\"quform_count\" value=\"1\" \/><input type=\"hidden\" name=\"form_url\" value=\"https:\/\/setline.com.tr\/en\/wp-json\/wp\/v2\/pages\/3897\" \/><input type=\"hidden\" name=\"referring_url\" value=\"\" \/><input type=\"hidden\" name=\"post_id\" value=\"\" \/><input type=\"hidden\" name=\"post_title\" value=\"\" \/><input type=\"hidden\" name=\"quform_current_page_id\" value=\"1\" \/><input type=\"hidden\" name=\"quform_csrf_token\" value=\"CssUid32r3nTutHklIWnMgDno48VeQS6jdYGiQvu\" \/><div class=\"quform-elements quform-elements-4 quform-cf quform-responsive-elements-phone-landscape\"><div class=\"quform-element quform-element-page quform-page-1 quform-page-4_1 quform-cf quform-group-style-plain quform-first-page quform-last-page quform-current-page\"><div class=\"quform-child-elements\"><div class=\"quform-element quform-element-row quform-element-row-4_12 quform-2-columns quform-element-row-size-fixed quform-responsive-columns-phone-landscape\"><div class=\"quform-element quform-element-column quform-element-4_13\"><div class=\"quform-element quform-element-text quform-element-4_3 quform-cf quform-labels-inside quform-element-optional\"><div class=\"quform-spacer\"><div class=\"quform-label quform-label-4_3\"><label class=\"quform-label-text\" for=\"quform_4_3_059a70\">Company name<\/label><\/div><div class=\"quform-inner quform-inner-text quform-inner-4_3\"><div class=\"quform-input quform-input-text quform-input-4_3 quform-cf\"><input type=\"text\" id=\"quform_4_3_059a70\" name=\"quform_4_3\" class=\"quform-field quform-field-text quform-field-4_3\" \/><\/div><\/div><\/div><\/div><\/div><div class=\"quform-element quform-element-column quform-element-4_14\"><div class=\"quform-element quform-element-text quform-element-4_11 quform-cf quform-labels-inside quform-element-required\"><div class=\"quform-spacer\"><div class=\"quform-label quform-label-4_11\"><label class=\"quform-label-text\" for=\"quform_4_11_059a70\">Name<span class=\"quform-required\">*<\/span><\/label><\/div><div class=\"quform-inner quform-inner-text quform-inner-4_11\"><div class=\"quform-input quform-input-text quform-input-4_11 quform-cf\"><input type=\"text\" id=\"quform_4_11_059a70\" name=\"quform_4_11\" class=\"quform-field quform-field-text quform-field-4_11\" \/><\/div><\/div><\/div><\/div><\/div><\/div><div class=\"quform-element quform-element-row quform-element-row-4_15 quform-2-columns quform-element-row-size-fixed quform-responsive-columns-phone-landscape\"><div class=\"quform-element quform-element-column quform-element-4_16\"><div class=\"quform-element quform-element-text quform-element-4_5 quform-cf quform-labels-inside quform-element-required\"><div class=\"quform-spacer\"><div class=\"quform-label quform-label-4_5\"><label class=\"quform-label-text\" for=\"quform_4_5_059a70\">Phone<span class=\"quform-required\">*<\/span><\/label><\/div><div class=\"quform-inner quform-inner-text quform-inner-4_5\"><div class=\"quform-input quform-input-text quform-input-4_5 quform-cf\"><input type=\"text\" id=\"quform_4_5_059a70\" name=\"quform_4_5\" class=\"quform-field quform-field-text quform-field-4_5\" \/><\/div><\/div><\/div><\/div><\/div><div class=\"quform-element quform-element-column quform-element-4_17\"><div class=\"quform-element quform-element-email quform-element-4_4 quform-cf quform-labels-inside quform-element-required\"><div class=\"quform-spacer\"><div class=\"quform-label quform-label-4_4\"><label class=\"quform-label-text\" for=\"quform_4_4_059a70\">E-mail<span class=\"quform-required\">*<\/span><\/label><\/div><div class=\"quform-inner quform-inner-email quform-inner-4_4\"><div class=\"quform-input quform-input-email quform-input-4_4 quform-cf\"><input type=\"email\" id=\"quform_4_4_059a70\" name=\"quform_4_4\" class=\"quform-field quform-field-email quform-field-4_4\" \/><\/div><\/div><\/div><\/div><\/div><\/div><div class=\"quform-element quform-element-checkbox quform-element-4_22 quform-cf quform-element-required\"><div class=\"quform-spacer\"><div class=\"quform-label quform-label-4_22\"><label class=\"quform-label-text\" id=\"quform_4_22_059a70_label\">You want to specify:<span class=\"quform-required\">*<\/span><\/label><\/div><div class=\"quform-inner quform-inner-checkbox quform-inner-4_22\"><div class=\"quform-input quform-input-checkbox quform-input-4_22 quform-cf\"><div class=\"quform-options quform-cf quform-options-inline quform-options-simple\" role=\"group\" aria-labelledby=\"quform_4_22_059a70_label\"><div class=\"quform-option\"><input type=\"checkbox\" name=\"quform_4_22[]\" id=\"quform_4_22_059a70_1\" class=\"quform-field quform-field-checkbox quform-field-4_22 quform-field-4_22_1\" value=\"Information\" \/><label for=\"quform_4_22_059a70_1\" class=\"quform-option-label quform-option-label-4_22_1\"><span class=\"quform-option-text\">Information<\/span><\/label><\/div><div class=\"quform-option\"><input type=\"checkbox\" name=\"quform_4_22[]\" id=\"quform_4_22_059a70_5\" class=\"quform-field quform-field-checkbox quform-field-4_22 quform-field-4_22_5\" value=\"Complaint\" \/><label for=\"quform_4_22_059a70_5\" class=\"quform-option-label quform-option-label-4_22_5\"><span class=\"quform-option-text\">Complaint<\/span><\/label><\/div><div class=\"quform-option\"><input type=\"checkbox\" name=\"quform_4_22[]\" id=\"quform_4_22_059a70_2\" class=\"quform-field quform-field-checkbox quform-field-4_22 quform-field-4_22_2\" value=\"Satisfaction\" \/><label for=\"quform_4_22_059a70_2\" class=\"quform-option-label quform-option-label-4_22_2\"><span class=\"quform-option-text\">Satisfaction<\/span><\/label><\/div><div class=\"quform-option\"><input type=\"checkbox\" name=\"quform_4_22[]\" id=\"quform_4_22_059a70_3\" class=\"quform-field quform-field-checkbox quform-field-4_22 quform-field-4_22_3\" value=\"Opinion\" \/><label for=\"quform_4_22_059a70_3\" class=\"quform-option-label quform-option-label-4_22_3\"><span class=\"quform-option-text\">Opinion<\/span><\/label><\/div><div class=\"quform-option\"><input type=\"checkbox\" name=\"quform_4_22[]\" id=\"quform_4_22_059a70_4\" class=\"quform-field quform-field-checkbox quform-field-4_22 quform-field-4_22_4\" value=\"Suggestion\" \/><label for=\"quform_4_22_059a70_4\" class=\"quform-option-label quform-option-label-4_22_4\"><span class=\"quform-option-text\">Suggestion<\/span><\/label><\/div><\/div><\/div><\/div><\/div><\/div><div class=\"quform-element quform-element-textarea quform-element-4_6 quform-cf quform-labels-inside quform-element-required\"><div class=\"quform-spacer\"><div class=\"quform-label quform-label-4_6\"><label class=\"quform-label-text\" for=\"quform_4_6_059a70\">Please write in this field\u2026<span class=\"quform-required\">*<\/span><\/label><\/div><div class=\"quform-inner quform-inner-textarea quform-inner-4_6\"><div class=\"quform-input quform-input-textarea quform-input-4_6 quform-cf\"><textarea id=\"quform_4_6_059a70\" name=\"quform_4_6\" class=\"quform-field quform-field-textarea quform-field-4_6\"><\/textarea><\/div><\/div><\/div><\/div><div class=\"quform-element quform-element-submit quform-element-4_9 quform-cf quform-button-style-theme\"><div class=\"quform-button-submit quform-button-submit-default quform-button-submit-4_9\"><button name=\"quform_submit\" type=\"submit\" class=\"quform-submit\" value=\"submit\"><span class=\"quform-button-text quform-button-submit-text\">Send<\/span><\/button><\/div><div class=\"quform-loading quform-loading-position-left quform-loading-type-spinner-1\"><div class=\"quform-loading-inner\"><div class=\"quform-loading-spinner\"><div class=\"quform-loading-spinner-inner\"><\/div><\/div><\/div><\/div><\/div><div class=\"quform-element-tree\"><label for=\"quform_4_0_059a70\">This field should be left blank<\/label><input type=\"text\" id=\"quform_4_0_059a70\" name=\"quform_4_0\" class=\"quform-field quform-field-tree quform-field-4_0\" tabindex=\"-1\" autocomplete=\"off\" \/><\/div><\/div><\/div><\/div><\/div><\/form><\/div>\n<\/div><\/div><\/div><div class=\"fusion-clearfix\"><\/div><\/div><\/div><\/div><\/div><\/p>\n","protected":false},"excerpt":{"rendered":"","protected":false},"author":1,"featured_media":0,"parent":0,"menu_order":0,"comment_status":"closed","ping_status":"closed","template":"100-width.php","meta":[],"_links":{"self":[{"href":"https:\/\/setline.com.tr\/en\/wp-json\/wp\/v2\/pages\/3897"}],"collection":[{"href":"https:\/\/setline.com.tr\/en\/wp-json\/wp\/v2\/pages"}],"about":[{"href":"https:\/\/setline.com.tr\/en\/wp-json\/wp\/v2\/types\/page"}],"author":[{"embeddable":true,"href":"https:\/\/setline.com.tr\/en\/wp-json\/wp\/v2\/users\/1"}],"replies":[{"embeddable":true,"href":"https:\/\/setline.com.tr\/en\/wp-json\/wp\/v2\/comments?post=3897"}],"version-history":[{"count":3,"href":"https:\/\/setline.com.tr\/en\/wp-json\/wp\/v2\/pages\/3897\/revisions"}],"predecessor-version":[{"id":6877,"href":"https:\/\/setline.com.tr\/en\/wp-json\/wp\/v2\/pages\/3897\/revisions\/6877"}],"wp:attachment":[{"href":"https:\/\/setline.com.tr\/en\/wp-json\/wp\/v2\/media?parent=3897"}],"curies":[{"name":"wp","href":"https:\/\/api.w.org\/{rel}","templated":true}]}}